{"id":139,"date":"2016-08-16T13:09:38","date_gmt":"2016-08-16T13:09:38","guid":{"rendered":"http:\/\/ld-wp.template-help.com\/wordpress_61162-sample\/?page_id=139"},"modified":"2026-01-23T15:57:55","modified_gmt":"2026-01-23T15:57:55","slug":"blog","status":"publish","type":"page","link":"https:\/\/lomarart.com\/index.php\/blog\/","title":{"rendered":"Blog"},"content":{"rendered":"\n<blockquote class=\"wp-block-quote is-layout-flow wp-block-quote-is-layout-flow\">\n<p class=\"has-text-align-left has-medium-font-size\">&#8220;Slikanje je ja\u010de od mene. Tjera me da \u010dinim kako ono \u017eeli.&#8221; Pablo Picasso<\/p>\n<\/blockquote>\n\n\n<div class=\"wp-block-image\">\n<figure class=\"aligncenter size-large\"><img loading=\"lazy\" decoding=\"async\" width=\"1024\" height=\"587\" src=\"https:\/\/lomarart.com\/wp-content\/uploads\/2023\/01\/WhatsApp-Image-2023-01-12-at-18.23.01-1-1024x587.jpeg\" alt=\"\" class=\"wp-image-670\" srcset=\"https:\/\/lomarart.com\/wp-content\/uploads\/2023\/01\/WhatsApp-Image-2023-01-12-at-18.23.01-1-1024x587.jpeg 1024w, https:\/\/lomarart.com\/wp-content\/uploads\/2023\/01\/WhatsApp-Image-2023-01-12-at-18.23.01-1-300x172.jpeg 300w, https:\/\/lomarart.com\/wp-content\/uploads\/2023\/01\/WhatsApp-Image-2023-01-12-at-18.23.01-1-768x440.jpeg 768w, https:\/\/lomarart.com\/wp-content\/uploads\/2023\/01\/WhatsApp-Image-2023-01-12-at-18.23.01-1-1536x880.jpeg 1536w, https:\/\/lomarart.com\/wp-content\/uploads\/2023\/01\/WhatsApp-Image-2023-01-12-at-18.23.01-1-1140x653.jpeg 1140w, https:\/\/lomarart.com\/wp-content\/uploads\/2023\/01\/WhatsApp-Image-2023-01-12-at-18.23.01-1.jpeg 1600w\" sizes=\"auto, (max-width: 1024px) 100vw, 1024px\" \/><\/figure>\n<\/div>\n\n<p class=\"fonts-plugin-block signature\" style=\"font-size: 16px;line-height: 1.6;text-align: left\">Ovo je nadrealni svijet prepun bizarnosti. Misti\u010dni predjeli u kojima se doga\u0111aju fantasti\u010dne metamorfoze i gdje se prostor \u2013 vrijeme \u2013 sada\u0161njost sjedinjuju u slike.<br>Zna\u010denje \u010desto mo\u017ee ostati tajanstveno, odnos izme\u0111u uma i materije, mogu\u0107nosti i stvarnosti.<br>Osje\u0107aj nestvarnog, i\u0161\u010dekivanje ne\u010dega neo\u010dekivanog ili prisutnost ti\u0161ine i sna.<br>Ni\u0161ta ne mora biti onako kakvim se \u010dini, ba\u0161 kao i u tuma\u010denju snova.<br>Marija An\u0111eli\u0107<br><\/p>\n\n<div class=\"wp-block-image\">\n<figure class=\"aligncenter size-full\"><img loading=\"lazy\" decoding=\"async\" width=\"768\" height=\"991\" src=\"https:\/\/lomarart.com\/wp-content\/uploads\/2023\/10\/WhatsApp-Image-2023-10-22-at-19.09.28.jpeg\" alt=\"\" class=\"wp-image-891\" srcset=\"https:\/\/lomarart.com\/wp-content\/uploads\/2023\/10\/WhatsApp-Image-2023-10-22-at-19.09.28.jpeg 768w, https:\/\/lomarart.com\/wp-content\/uploads\/2023\/10\/WhatsApp-Image-2023-10-22-at-19.09.28-232x300.jpeg 232w\" sizes=\"auto, (max-width: 768px) 100vw, 768px\" \/><\/figure>\n<\/div>\n\n\n<p class=\"has-text-align-center has-medium-font-size\">Izlo\u017eba Putovanje kroz snove<br>Platno u Platnari, Novi Dor\u0107ol, Beograd<\/p>\n\n\n\n<p class=\"has-large-font-size\"><a href=\"https:\/\/www.telegraf.rs\/pop-i-kultura\/art\/3761546-zavirite-na-izlozbu-platno-u-platnari\">https:\/\/www.telegraf.rs\/pop-i-kultura\/art\/3761546-zavirite-na-izlozbu-platno-u-platnari<\/a><\/p>\n\n\n<div class=\"wp-block-image\">\n<figure class=\"aligncenter size-full\"><img loading=\"lazy\" decoding=\"async\" width=\"1024\" height=\"768\" src=\"https:\/\/lomarart.com\/wp-content\/uploads\/2023\/10\/WhatsApp-Image-2023-10-22-at-19.09.29.jpeg\" alt=\"\" class=\"wp-image-892\" srcset=\"https:\/\/lomarart.com\/wp-content\/uploads\/2023\/10\/WhatsApp-Image-2023-10-22-at-19.09.29.jpeg 1024w, https:\/\/lomarart.com\/wp-content\/uploads\/2023\/10\/WhatsApp-Image-2023-10-22-at-19.09.29-300x225.jpeg 300w, https:\/\/lomarart.com\/wp-content\/uploads\/2023\/10\/WhatsApp-Image-2023-10-22-at-19.09.29-768x576.jpeg 768w\" sizes=\"auto, (max-width: 1024px) 100vw, 1024px\" \/><\/figure>\n<\/div>\n\n\n<p class=\"has-text-align-center .signature\"><\/p>\n\n\n\n<p><\/p>\n\n\n\n<figure class=\"wp-block-image size-medium\" id=\"https:\/\/www.kgz.hr\/hr\/dogadjanja\/metafizika-prisutnosti\/64662\"><a href=\"https:\/\/www.kgz.hr\/hr\/dogadjanja\/metafizika-prisutnosti\/64662\"><img loading=\"lazy\" decoding=\"async\" width=\"280\" height=\"300\" src=\"https:\/\/lomarart.com\/wp-content\/uploads\/2023\/11\/WhatsApp-Image-2023-10-25-at-11.39.00-280x300.jpeg\" alt=\"\" class=\"wp-image-922\" srcset=\"https:\/\/lomarart.com\/wp-content\/uploads\/2023\/11\/WhatsApp-Image-2023-10-25-at-11.39.00-280x300.jpeg 280w, https:\/\/lomarart.com\/wp-content\/uploads\/2023\/11\/WhatsApp-Image-2023-10-25-at-11.39.00.jpeg 750w\" sizes=\"auto, (max-width: 280px) 100vw, 280px\" \/><\/a><\/figure>\n\n\n\n<p class=\"has-large-font-size\"><a href=\"https:\/\/www.kgz.hr\/hr\/dogadjanja\/metafizika-prisutnosti\/64662\"><strong>https:\/\/www.kgz.hr\/hr\/dogadjanja\/metafizika-prisutnosti\/64662<\/strong><\/a><\/p>\n\n\n\n<blockquote class=\"wp-block-quote is-layout-flow wp-block-quote-is-layout-flow\">\n<h1 class=\"wp-block-heading\">Metafizika prisutnosti<\/h1>\n\n\n\n<p>Izlo\u017eba\u00a018.10.2023. &#8211; 13.11.2023.\u00a0<a href=\"https:\/\/www.kgz.hr\/hr\/knjiznice\/knjiznica-knezija\/75\">Knji\u017enica Kne\u017eija<\/a><a href=\"https:\/\/www.kgz.hr\/UserDocsImages\/\/\/knezija\/M.a.jpg?width=800\"><\/a><\/p>\n\n\n\n<p>Izvor: Marija An\u0111eli\u0107<\/p>\n\n\n\n<p class=\"has-medium-font-size\"><em>O slikarstvu Marije An\u0111eli\u0107<\/em><br>Pri susretu sa slikarskim djelima redovito smo suo\u010deni s dvama mogu\u0107im pristupima kojima slikar ostvaruje svoja djela. S jedne strane rije\u010d je o op\u0107enitim odrednicama, poput slikarskoga stila, tematskoga \u017eanra, likovnoga jezika i sli\u010dno. S druge je pak strane rije\u010d o slikarevu osobnom pristupu tim op\u0107im odrednicama, o na\u010dinu na koji svaki slikar tim odrednicama na samosvojan na\u010din pristupa, kako ih usvaja i kako se njima koristi. U prvom slu\u010daju rije\u010d je &#8211; ka\u017eimo to tako &#8211; o odabiru zadanoga okvira unutar kojega \u0107e slikar <\/p>\n\n\n\n<div class=\"wp-block-columns is-layout-flex wp-container-core-columns-is-layout-9d6595d7 wp-block-columns-is-layout-flex\">\n<div class=\"wp-block-column is-layout-flow wp-block-column-is-layout-flow\">\n<figure class=\"wp-block-image size-full\"><img loading=\"lazy\" decoding=\"async\" width=\"400\" height=\"284\" src=\"https:\/\/lomarart.com\/wp-content\/uploads\/2026\/01\/image.png\" alt=\"\" class=\"wp-image-1019\" srcset=\"https:\/\/lomarart.com\/wp-content\/uploads\/2026\/01\/image.png 400w, https:\/\/lomarart.com\/wp-content\/uploads\/2026\/01\/image-300x213.png 300w\" sizes=\"auto, (max-width: 400px) 100vw, 400px\" \/><\/figure>\n<\/div>\n\n\n\n<div class=\"wp-block-column is-layout-flow wp-block-column-is-layout-flow\">\n<p class=\"has-medium-font-size\">ostvariti svoje slikarstvo. U drugome je slu\u010daju rije\u010d o na\u010dinu na koji \u0107e on to u\u010diniti &#8211; tu je, dakle, rije\u010d o njegovoj invenciji, imaginaciji, senzibilitetu itd. Najjednostavnije re\u010deno, rije\u010d je o razlici izme\u0111u onoga \u0161to i onoga kako.<br>Za polazi\u0161nu osnovu svojega slikarstva Marija An\u0111eli\u0107 odabrala one op\u0107e odrednice prema kojima osje\u0107a osobitu sklonost. To su stilske odrednice metafizi\u010dkoga slikarstva, nadrealisti\u010dkoga slikarstva i slikarstva magi\u010dnoga realizma. \u017danrovski gledano, ona je sklona portretu, krajoliku i veduti.<\/p>\n<\/div>\n<\/div>\n\n\n\n<p class=\"has-medium-font-size\"> Kada je rije\u010d o likovnome jeziku, Marija An\u0111eli\u0107 ima sklonost prema jasno definiranim oblicima, rabi kombinaciju jarkih i zagasitih boja te se slu\u017ei kontroliranim rukopisom zamjetnoga, ali ne i nametljivoga duktusa. Bliska poetskome izri\u010daju svoje imenjakinje, francuske slikarice Marie Laurencin, An\u0111eli\u0107 njeguje izrazito lirski pristup odabranoj tematici, u kojem se snoviti, simboli\u010dki prizori ispreple\u0107u s pejza\u017enim motivima, odnosno s motivima velegrada. Ti su motivi preuzeti tek s figurativnim naznakama da bi bili ispunjeni slobodnim koloristi\u010dkim tretmanom. Iako se slikarica oslanja na konkretne predmetne motive, ona ih svojim slobodnijim likovnim pristupom pretvara u znakove i simbole koji nadilaze puku predmetnu stvarnost. Na taj na\u010din ona ih takore\u0107i navodi da progovore o njezinim unutarnjim stanjima, o njezinim poetskim preokupacijama i na kraju &#8211; o njezinu do\u017eivljaju slikarstva kao samosvojne izra\u017eajne discipline.<br>Daniela Pal Bu\u010dan<\/p>\n<\/blockquote>\n","protected":false},"excerpt":{"rendered":"<p>&#8220;Slikanje je ja\u010de od mene. Tjera me da \u010dinim kako ono \u017eeli.&#8221; Pablo Picasso Izlo\u017eba Putovanje kroz snovePlatno u Platnari, Novi Dor\u0107ol, Beograd https:\/\/www.telegraf.rs\/pop-i-kultura\/art\/3761546-zavirite-na-izlozbu-platno-u-platnari https:\/\/www.kgz.hr\/hr\/dogadjanja\/metafizika-prisutnosti\/64662<\/p>\n","protected":false},"author":1,"featured_media":0,"parent":0,"menu_order":0,"comment_status":"closed","ping_status":"closed","template":"","meta":{"footnotes":""},"class_list":["post-139","page","type-page","status-publish","hentry"],"yoast_head":"<!-- This site is optimized with the Yoast SEO plugin v23.6 - https:\/\/yoast.com\/wordpress\/plugins\/seo\/ -->\n<title>Blog - LoMarArt<\/title>\n<meta name=\"robots\" content=\"index, follow, max-snippet:-1, max-image-preview:large, max-video-preview:-1\" \/>\n<link rel=\"canonical\" href=\"https:\/\/lomarart.com\/index.php\/blog\/\" \/>\n<meta property=\"og:locale\" content=\"en_US\" \/>\n<meta property=\"og:type\" content=\"article\" \/>\n<meta property=\"og:title\" content=\"Blog - LoMarArt\" \/>\n<meta property=\"og:description\" content=\"&#8220;Slikanje je ja\u010de od mene. Tjera me da \u010dinim kako ono \u017eeli.&#8221; Pablo Picasso Izlo\u017eba Putovanje kroz snovePlatno u Platnari, Novi Dor\u0107ol, Beograd https:\/\/www.telegraf.rs\/pop-i-kultura\/art\/3761546-zavirite-na-izlozbu-platno-u-platnari https:\/\/www.kgz.hr\/hr\/dogadjanja\/metafizika-prisutnosti\/64662\" \/>\n<meta property=\"og:url\" content=\"https:\/\/lomarart.com\/index.php\/blog\/\" \/>\n<meta property=\"og:site_name\" content=\"LoMarArt\" \/>\n<meta property=\"article:modified_time\" content=\"2026-01-23T15:57:55+00:00\" \/>\n<meta property=\"og:image\" content=\"https:\/\/lomarart.com\/wp-content\/uploads\/2023\/01\/WhatsApp-Image-2023-01-12-at-18.23.01-1.jpeg\" \/>\n\t<meta property=\"og:image:width\" content=\"1600\" \/>\n\t<meta property=\"og:image:height\" content=\"917\" \/>\n\t<meta property=\"og:image:type\" content=\"image\/jpeg\" \/>\n<meta name=\"twitter:card\" content=\"summary_large_image\" \/>\n<meta name=\"twitter:label1\" content=\"Est. reading time\" \/>\n\t<meta name=\"twitter:data1\" content=\"1 minute\" \/>\n<script type=\"application\/ld+json\" class=\"yoast-schema-graph\">{\"@context\":\"https:\/\/schema.org\",\"@graph\":[{\"@type\":\"WebPage\",\"@id\":\"https:\/\/lomarart.com\/index.php\/blog\/\",\"url\":\"https:\/\/lomarart.com\/index.php\/blog\/\",\"name\":\"Blog - LoMarArt\",\"isPartOf\":{\"@id\":\"https:\/\/lomarart.com\/#website\"},\"primaryImageOfPage\":{\"@id\":\"https:\/\/lomarart.com\/index.php\/blog\/#primaryimage\"},\"image\":{\"@id\":\"https:\/\/lomarart.com\/index.php\/blog\/#primaryimage\"},\"thumbnailUrl\":\"https:\/\/lomarart.com\/wp-content\/uploads\/2023\/01\/WhatsApp-Image-2023-01-12-at-18.23.01-1-1024x587.jpeg\",\"datePublished\":\"2016-08-16T13:09:38+00:00\",\"dateModified\":\"2026-01-23T15:57:55+00:00\",\"breadcrumb\":{\"@id\":\"https:\/\/lomarart.com\/index.php\/blog\/#breadcrumb\"},\"inLanguage\":\"en-US\",\"potentialAction\":[{\"@type\":\"ReadAction\",\"target\":[\"https:\/\/lomarart.com\/index.php\/blog\/\"]}]},{\"@type\":\"ImageObject\",\"inLanguage\":\"en-US\",\"@id\":\"https:\/\/lomarart.com\/index.php\/blog\/#primaryimage\",\"url\":\"https:\/\/lomarart.com\/wp-content\/uploads\/2023\/01\/WhatsApp-Image-2023-01-12-at-18.23.01-1.jpeg\",\"contentUrl\":\"https:\/\/lomarart.com\/wp-content\/uploads\/2023\/01\/WhatsApp-Image-2023-01-12-at-18.23.01-1.jpeg\",\"width\":1600,\"height\":917},{\"@type\":\"BreadcrumbList\",\"@id\":\"https:\/\/lomarart.com\/index.php\/blog\/#breadcrumb\",\"itemListElement\":[{\"@type\":\"ListItem\",\"position\":1,\"name\":\"Home\",\"item\":\"https:\/\/lomarart.com\/\"},{\"@type\":\"ListItem\",\"position\":2,\"name\":\"Blog\"}]},{\"@type\":\"WebSite\",\"@id\":\"https:\/\/lomarart.com\/#website\",\"url\":\"https:\/\/lomarart.com\/\",\"name\":\"LoMarArt\",\"description\":\"\",\"publisher\":{\"@id\":\"https:\/\/lomarart.com\/#organization\"},\"potentialAction\":[{\"@type\":\"SearchAction\",\"target\":{\"@type\":\"EntryPoint\",\"urlTemplate\":\"https:\/\/lomarart.com\/?s={search_term_string}\"},\"query-input\":{\"@type\":\"PropertyValueSpecification\",\"valueRequired\":true,\"valueName\":\"search_term_string\"}}],\"inLanguage\":\"en-US\"},{\"@type\":\"Organization\",\"@id\":\"https:\/\/lomarart.com\/#organization\",\"name\":\"LoMarArt\",\"url\":\"https:\/\/lomarart.com\/\",\"logo\":{\"@type\":\"ImageObject\",\"inLanguage\":\"en-US\",\"@id\":\"https:\/\/lomarart.com\/#\/schema\/logo\/image\/\",\"url\":\"https:\/\/lomarart.com\/wp-content\/uploads\/2022\/11\/cropped-istockphoto-1241905887-170667a.jpg\",\"contentUrl\":\"https:\/\/lomarart.com\/wp-content\/uploads\/2022\/11\/cropped-istockphoto-1241905887-170667a.jpg\",\"width\":512,\"height\":512,\"caption\":\"LoMarArt\"},\"image\":{\"@id\":\"https:\/\/lomarart.com\/#\/schema\/logo\/image\/\"}}]}<\/script>\n<!-- \/ Yoast SEO plugin. -->","yoast_head_json":{"title":"Blog - LoMarArt","robots":{"index":"index","follow":"follow","max-snippet":"max-snippet:-1","max-image-preview":"max-image-preview:large","max-video-preview":"max-video-preview:-1"},"canonical":"https:\/\/lomarart.com\/index.php\/blog\/","og_locale":"en_US","og_type":"article","og_title":"Blog - LoMarArt","og_description":"&#8220;Slikanje je ja\u010de od mene. Tjera me da \u010dinim kako ono \u017eeli.&#8221; Pablo Picasso Izlo\u017eba Putovanje kroz snovePlatno u Platnari, Novi Dor\u0107ol, Beograd https:\/\/www.telegraf.rs\/pop-i-kultura\/art\/3761546-zavirite-na-izlozbu-platno-u-platnari https:\/\/www.kgz.hr\/hr\/dogadjanja\/metafizika-prisutnosti\/64662","og_url":"https:\/\/lomarart.com\/index.php\/blog\/","og_site_name":"LoMarArt","article_modified_time":"2026-01-23T15:57:55+00:00","og_image":[{"width":1600,"height":917,"url":"https:\/\/lomarart.com\/wp-content\/uploads\/2023\/01\/WhatsApp-Image-2023-01-12-at-18.23.01-1.jpeg","type":"image\/jpeg"}],"twitter_card":"summary_large_image","twitter_misc":{"Est. reading time":"1 minute"},"schema":{"@context":"https:\/\/schema.org","@graph":[{"@type":"WebPage","@id":"https:\/\/lomarart.com\/index.php\/blog\/","url":"https:\/\/lomarart.com\/index.php\/blog\/","name":"Blog - LoMarArt","isPartOf":{"@id":"https:\/\/lomarart.com\/#website"},"primaryImageOfPage":{"@id":"https:\/\/lomarart.com\/index.php\/blog\/#primaryimage"},"image":{"@id":"https:\/\/lomarart.com\/index.php\/blog\/#primaryimage"},"thumbnailUrl":"https:\/\/lomarart.com\/wp-content\/uploads\/2023\/01\/WhatsApp-Image-2023-01-12-at-18.23.01-1-1024x587.jpeg","datePublished":"2016-08-16T13:09:38+00:00","dateModified":"2026-01-23T15:57:55+00:00","breadcrumb":{"@id":"https:\/\/lomarart.com\/index.php\/blog\/#breadcrumb"},"inLanguage":"en-US","potentialAction":[{"@type":"ReadAction","target":["https:\/\/lomarart.com\/index.php\/blog\/"]}]},{"@type":"ImageObject","inLanguage":"en-US","@id":"https:\/\/lomarart.com\/index.php\/blog\/#primaryimage","url":"https:\/\/lomarart.com\/wp-content\/uploads\/2023\/01\/WhatsApp-Image-2023-01-12-at-18.23.01-1.jpeg","contentUrl":"https:\/\/lomarart.com\/wp-content\/uploads\/2023\/01\/WhatsApp-Image-2023-01-12-at-18.23.01-1.jpeg","width":1600,"height":917},{"@type":"BreadcrumbList","@id":"https:\/\/lomarart.com\/index.php\/blog\/#breadcrumb","itemListElement":[{"@type":"ListItem","position":1,"name":"Home","item":"https:\/\/lomarart.com\/"},{"@type":"ListItem","position":2,"name":"Blog"}]},{"@type":"WebSite","@id":"https:\/\/lomarart.com\/#website","url":"https:\/\/lomarart.com\/","name":"LoMarArt","description":"","publisher":{"@id":"https:\/\/lomarart.com\/#organization"},"potentialAction":[{"@type":"SearchAction","target":{"@type":"EntryPoint","urlTemplate":"https:\/\/lomarart.com\/?s={search_term_string}"},"query-input":{"@type":"PropertyValueSpecification","valueRequired":true,"valueName":"search_term_string"}}],"inLanguage":"en-US"},{"@type":"Organization","@id":"https:\/\/lomarart.com\/#organization","name":"LoMarArt","url":"https:\/\/lomarart.com\/","logo":{"@type":"ImageObject","inLanguage":"en-US","@id":"https:\/\/lomarart.com\/#\/schema\/logo\/image\/","url":"https:\/\/lomarart.com\/wp-content\/uploads\/2022\/11\/cropped-istockphoto-1241905887-170667a.jpg","contentUrl":"https:\/\/lomarart.com\/wp-content\/uploads\/2022\/11\/cropped-istockphoto-1241905887-170667a.jpg","width":512,"height":512,"caption":"LoMarArt"},"image":{"@id":"https:\/\/lomarart.com\/#\/schema\/logo\/image\/"}}]}},"_links":{"self":[{"href":"https:\/\/lomarart.com\/index.php\/wp-json\/wp\/v2\/pages\/139","targetHints":{"allow":["GET"]}}],"collection":[{"href":"https:\/\/lomarart.com\/index.php\/wp-json\/wp\/v2\/pages"}],"about":[{"href":"https:\/\/lomarart.com\/index.php\/wp-json\/wp\/v2\/types\/page"}],"author":[{"embeddable":true,"href":"https:\/\/lomarart.com\/index.php\/wp-json\/wp\/v2\/users\/1"}],"replies":[{"embeddable":true,"href":"https:\/\/lomarart.com\/index.php\/wp-json\/wp\/v2\/comments?post=139"}],"version-history":[{"count":42,"href":"https:\/\/lomarart.com\/index.php\/wp-json\/wp\/v2\/pages\/139\/revisions"}],"predecessor-version":[{"id":1025,"href":"https:\/\/lomarart.com\/index.php\/wp-json\/wp\/v2\/pages\/139\/revisions\/1025"}],"wp:attachment":[{"href":"https:\/\/lomarart.com\/index.php\/wp-json\/wp\/v2\/media?parent=139"}],"curies":[{"name":"wp","href":"https:\/\/api.w.org\/{rel}","templated":true}]}}